{"id":122,"date":"2023-11-01T17:11:57","date_gmt":"2023-11-01T17:11:57","guid":{"rendered":"https:\/\/mmpcardi.it\/?page_id=122"},"modified":"2023-11-01T17:46:10","modified_gmt":"2023-11-01T17:46:10","slug":"azienda","status":"publish","type":"page","link":"https:\/\/mmpcardi.it\/index.php\/azienda\/","title":{"rendered":"Azienda"},"content":{"rendered":"\t\t<div data-elementor-type=\"wp-page\" data-elementor-id=\"122\" class=\"elementor elementor-122\">\n\t\t\t\t\t\t\t\t\t<section class=\"elementor-section elementor-top-section elementor-element elementor-element-4dd5afa elementor-section-full_width elementor-section-height-default elementor-section-height-default\" data-id=\"4dd5afa\" data-element_type=\"section\" data-settings=\"{&quot;background_background&quot;:&quot;classic&quot;,&quot;shape_divider_bottom&quot;:&quot;tilt&quot;}\">\n\t\t\t\t\t\t\t<div class=\"elementor-background-overlay\"><\/div>\n\t\t\t\t\t\t<div class=\"elementor-shape elementor-shape-bottom\" data-negative=\"false\">\n\t\t\t<svg xmlns=\"http:\/\/www.w3.org\/2000\/svg\" viewBox=\"0 0 1000 100\" preserveAspectRatio=\"none\">\n\t<path class=\"elementor-shape-fill\" d=\"M0,6V0h1000v100L0,6z\"\/>\n<\/svg>\t\t<\/div>\n\t\t\t\t\t<div class=\"elementor-container elementor-column-gap-default\">\n\t\t\t\t\t<div class=\"elementor-column elementor-col-100 elementor-top-column elementor-element elementor-element-2e1a670\" data-id=\"2e1a670\" data-element_type=\"column\">\n\t\t\t<div class=\"elementor-widget-wrap elementor-element-populated\">\n\t\t\t\t\t\t\t\t<div class=\"elementor-element elementor-element-b49ae5a elementor-widget elementor-widget-page-title\" data-id=\"b49ae5a\" data-element_type=\"widget\" data-settings=\"{&quot;align&quot;:&quot;center&quot;}\" data-widget_type=\"page-title.default\">\n\t\t\t\t<div class=\"elementor-widget-container\">\n\t\t\t\t\t\n\t\t<div class=\"hfe-page-title hfe-page-title-wrapper elementor-widget-heading\">\n\n\t\t\t\t\t\t\t\t\t\t\t<a href=\"https:\/\/mmpcardi.it\">\n\t\t\t\t\t\t<h4 class=\"elementor-heading-title elementor-size-default\">\n\t\t\t\t\t\t\t\t\n\t\t\t\tAzienda  \n\t\t\t<\/h4 > \n\t\t\t\t\t\t\t\t\t<\/a>\n\t\t\t\t\t<\/div>\n\t\t\t\t<\/div>\n\t\t\t\t<\/div>\n\t\t\t\t<section class=\"elementor-section elementor-inner-section elementor-element elementor-element-49cf03a elementor-section-boxed elementor-section-height-default elementor-section-height-default\" data-id=\"49cf03a\" data-element_type=\"section\">\n\t\t\t\t\t\t<div class=\"elementor-container elementor-column-gap-default\">\n\t\t\t\t\t<div class=\"elementor-column elementor-col-100 elementor-inner-column elementor-element elementor-element-ce73846\" data-id=\"ce73846\" data-element_type=\"column\">\n\t\t\t<div class=\"elementor-widget-wrap elementor-element-populated\">\n\t\t\t\t\t\t\t\t<div class=\"elementor-element elementor-element-2e4b6f5 elementor-widget__width-initial elementor-widget elementor-widget-text-editor\" data-id=\"2e4b6f5\" data-element_type=\"widget\" data-widget_type=\"text-editor.default\">\n\t\t\t\t<div class=\"elementor-widget-container\">\n\t\t\t<style>\/*! elementor - v3.17.0 - 25-10-2023 *\/\n.elementor-widget-text-editor.elementor-drop-cap-view-stacked .elementor-drop-cap{background-color:#69727d;color:#fff}.elementor-widget-text-editor.elementor-drop-cap-view-framed .elementor-drop-cap{color:#69727d;border:3px solid;background-color:transparent}.elementor-widget-text-editor:not(.elementor-drop-cap-view-default) .elementor-drop-cap{margin-top:8px}.elementor-widget-text-editor:not(.elementor-drop-cap-view-default) .elementor-drop-cap-letter{width:1em;height:1em}.elementor-widget-text-editor .elementor-drop-cap{float:left;text-align:center;line-height:1;font-size:50px}.elementor-widget-text-editor .elementor-drop-cap-letter{display:inline-block}<\/style>\t\t\t\t<p><em>\u201cSe si escludono istanti prodigiosi e singoli che il destino ci pu\u00f2 donare,<\/em><\/p><p><em>l\u2019amare il proprio lavoro costituisce la migliore approssimazione concreta della felicit\u00e0 sulla terra\u201d.<\/em><\/p><p><em>(Primo Levi)<\/em><\/p>\t\t\t\t\t\t<\/div>\n\t\t\t\t<\/div>\n\t\t\t\t\t<\/div>\n\t\t<\/div>\n\t\t\t\t\t\t\t<\/div>\n\t\t<\/section>\n\t\t\t\t\t<\/div>\n\t\t<\/div>\n\t\t\t\t\t\t\t<\/div>\n\t\t<\/section>\n\t\t\t\t<section class=\"elementor-section elementor-top-section elementor-element elementor-element-156172d elementor-section-boxed elementor-section-height-default elementor-section-height-default\" data-id=\"156172d\" data-element_type=\"section\" data-settings=\"{&quot;background_background&quot;:&quot;classic&quot;}\">\n\t\t\t\t\t\t<div class=\"elementor-container elementor-column-gap-default\">\n\t\t\t\t\t<div class=\"elementor-column elementor-col-100 elementor-top-column elementor-element elementor-element-e87969d\" data-id=\"e87969d\" data-element_type=\"column\" data-settings=\"{&quot;background_background&quot;:&quot;classic&quot;}\">\n\t\t\t<div class=\"elementor-widget-wrap elementor-element-populated\">\n\t\t\t\t\t\t\t\t<section class=\"elementor-section elementor-inner-section elementor-element elementor-element-8f2d78e elementor-section-full_width elementor-section-content-middle elementor-section-height-default elementor-section-height-default\" data-id=\"8f2d78e\" data-element_type=\"section\">\n\t\t\t\t\t\t\t<div class=\"elementor-background-overlay\"><\/div>\n\t\t\t\t\t\t\t<div class=\"elementor-container elementor-column-gap-wider\">\n\t\t\t\t\t<div class=\"elementor-column elementor-col-50 elementor-inner-column elementor-element elementor-element-53e6626\" data-id=\"53e6626\" data-element_type=\"column\">\n\t\t\t<div class=\"elementor-widget-wrap elementor-element-populated\">\n\t\t\t\t\t\t\t\t<div class=\"elementor-element elementor-element-cd8e1a2 elementor-widget elementor-widget-heading\" data-id=\"cd8e1a2\" data-element_type=\"widget\" data-widget_type=\"heading.default\">\n\t\t\t\t<div class=\"elementor-widget-container\">\n\t\t\t<style>\/*! elementor - v3.17.0 - 25-10-2023 *\/\n.elementor-heading-title{padding:0;margin:0;line-height:1}.elementor-widget-heading .elementor-heading-title[class*=elementor-size-]>a{color:inherit;font-size:inherit;line-height:inherit}.elementor-widget-heading .elementor-heading-title.elementor-size-small{font-size:15px}.elementor-widget-heading .elementor-heading-title.elementor-size-medium{font-size:19px}.elementor-widget-heading .elementor-heading-title.elementor-size-large{font-size:29px}.elementor-widget-heading .elementor-heading-title.elementor-size-xl{font-size:39px}.elementor-widget-heading .elementor-heading-title.elementor-size-xxl{font-size:59px}<\/style><h2 class=\"elementor-heading-title elementor-size-default\">La nostra storia<\/h2>\t\t<\/div>\n\t\t\t\t<\/div>\n\t\t\t\t\t<\/div>\n\t\t<\/div>\n\t\t\t\t<div class=\"elementor-column elementor-col-50 elementor-inner-column elementor-element elementor-element-0bfb492\" data-id=\"0bfb492\" data-element_type=\"column\">\n\t\t\t<div class=\"elementor-widget-wrap elementor-element-populated\">\n\t\t\t\t\t\t\t\t<div class=\"elementor-element elementor-element-29c4c5d elementor-widget elementor-widget-text-editor\" data-id=\"29c4c5d\" data-element_type=\"widget\" data-widget_type=\"text-editor.default\">\n\t\t\t\t<div class=\"elementor-widget-container\">\n\t\t\t\t\t\t\t<p>Agli inizi degli anni \u201960, Silvano Cardi, all&#8217;epoca autotrasportatore, ha posto l&#8217;attenzione sull&#8217;enorme quantit\u00e0 di scarti di lavorazione in PVC che venivano prodotti dalle aziende presso le quali si recava.<\/p><p>Rendendosi conto dell\u2019opportunit\u00e0, a partire dagli anni \u201970, decise di avviare l\u2019attivit\u00e0 di recupero di tali materiali e dal 1982, grazie ai suoi sacrifici uniti alla sua abilit\u00e0 imprenditoriale e visionaria, l&#8217;azienda ha potuto assumere una propria identit\u00e0 sul mercato. E&#8217; iniziato cos\u00ec un percorso che negli anni \u00e8 diventato sempre pi\u00f9 significativo e coinvolgente, anche grazie all&#8217;intervento dei figli Roberto ed Alessandro.<\/p><p>Oggi Silvano \u00e8 orgoglioso che al suo viaggio, nato da un&#8217;idea,\u00a0 si siano uniti altri due passeggeri, Matteo e Lorenzo, che rappresentano la nuova generazione della famiglia Cardi e dei suoi ideali.<\/p>\t\t\t\t\t\t<\/div>\n\t\t\t\t<\/div>\n\t\t\t\t\t<\/div>\n\t\t<\/div>\n\t\t\t\t\t\t\t<\/div>\n\t\t<\/section>\n\t\t\t\t\t<\/div>\n\t\t<\/div>\n\t\t\t\t\t\t\t<\/div>\n\t\t<\/section>\n\t\t\t\t<section class=\"elementor-section elementor-top-section elementor-element elementor-element-051162b elementor-section-full_width elementor-section-height-default elementor-section-height-default\" data-id=\"051162b\" data-element_type=\"section\" data-settings=\"{&quot;background_background&quot;:&quot;classic&quot;}\">\n\t\t\t\t\t\t<div class=\"elementor-container elementor-column-gap-default\">\n\t\t\t\t\t<div class=\"elementor-column elementor-col-100 elementor-top-column elementor-element elementor-element-80f6ede\" data-id=\"80f6ede\" data-element_type=\"column\">\n\t\t\t<div class=\"elementor-widget-wrap elementor-element-populated\">\n\t\t\t\t\t\t\t\t<section class=\"elementor-section elementor-inner-section elementor-element elementor-element-891e8e1 elementor-section-boxed elementor-section-height-default elementor-section-height-default\" data-id=\"891e8e1\" data-element_type=\"section\">\n\t\t\t\t\t\t<div class=\"elementor-container elementor-column-gap-no\">\n\t\t\t\t\t<div class=\"elementor-column elementor-col-50 elementor-inner-column elementor-element elementor-element-80b7ff1\" data-id=\"80b7ff1\" data-element_type=\"column\">\n\t\t\t<div class=\"elementor-widget-wrap elementor-element-populated\">\n\t\t\t\t\t\t\t\t<div class=\"elementor-element elementor-element-2f866e4 elementor-widget elementor-widget-heading\" data-id=\"2f866e4\" data-element_type=\"widget\" data-widget_type=\"heading.default\">\n\t\t\t\t<div class=\"elementor-widget-container\">\n\t\t\t<h3 class=\"elementor-heading-title elementor-size-default\">Mission....    <\/h3>\t\t<\/div>\n\t\t\t\t<\/div>\n\t\t\t\t<div class=\"elementor-element elementor-element-57217bf elementor-widget elementor-widget-text-editor\" data-id=\"57217bf\" data-element_type=\"widget\" data-widget_type=\"text-editor.default\">\n\t\t\t\t<div class=\"elementor-widget-container\">\n\t\t\t\t\t\t\t<p>Con il passare del tempo, abbiamo imparato a vivere in un mondo in cui il consumismo si \u00e8 espanso a macchia d\u2019olio, in cui la produzione di beni e servizi non basta mai e ci si vede costantemente spinti verso l\u2019utilizzo forsennato delle risorse che il nostro pianeta ci dona, acciecati dalla crescita economica, e quindi dai profitti. Cos\u00ec facendo, non ci si cura dei danni ai quali l\u2019ambiente intorno a noi va incontro. In economia, come nella vita, si dice sempre che ogni crisi genera un\u2019opportunit\u00e0.<\/p>\t\t\t\t\t\t<\/div>\n\t\t\t\t<\/div>\n\t\t\t\t\t<\/div>\n\t\t<\/div>\n\t\t\t\t<div class=\"elementor-column elementor-col-50 elementor-inner-column elementor-element elementor-element-39ea1e8\" data-id=\"39ea1e8\" data-element_type=\"column\">\n\t\t\t<div class=\"elementor-widget-wrap elementor-element-populated\">\n\t\t\t\t\t\t\t\t<div class=\"elementor-element elementor-element-85f8ddd elementor-widget elementor-widget-heading\" data-id=\"85f8ddd\" data-element_type=\"widget\" data-widget_type=\"heading.default\">\n\t\t\t\t<div class=\"elementor-widget-container\">\n\t\t\t<h3 class=\"elementor-heading-title elementor-size-default\">&amp; vision<\/h3>\t\t<\/div>\n\t\t\t\t<\/div>\n\t\t\t\t<div class=\"elementor-element elementor-element-1d76214 elementor-widget elementor-widget-text-editor\" data-id=\"1d76214\" data-element_type=\"widget\" data-widget_type=\"text-editor.default\">\n\t\t\t\t<div class=\"elementor-widget-container\">\n\t\t\t\t\t\t\t<p>Ecco che quindi si inizia a parlare di economia circolare.<\/p><p>Essa consiste infatti nell\u2019investimento da parte delle aziende produttrici di beni e servizi in risorse che possano impedire che lo scarto di lavorazione venga disperso e destinato a smaltimento, mediante il recupero e la rigenerazione in conto proprio. Cos\u00ec facendo tutto ci\u00f2 che risulta essere materiale \u201cdi scarto\u201d diverr\u00e0 impossibile trovarlo nelle discariche, o ancora peggio in mari, fiumi, boschi, ecc.<\/p><p>\u00a0<\/p>\t\t\t\t\t\t<\/div>\n\t\t\t\t<\/div>\n\t\t\t\t\t<\/div>\n\t\t<\/div>\n\t\t\t\t\t\t\t<\/div>\n\t\t<\/section>\n\t\t\t\t\t<\/div>\n\t\t<\/div>\n\t\t\t\t\t\t\t<\/div>\n\t\t<\/section>\n\t\t\t\t<section class=\"elementor-section elementor-top-section elementor-element elementor-element-47dfa7a elementor-section-full_width elementor-section-height-default elementor-section-height-default\" data-id=\"47dfa7a\" data-element_type=\"section\" data-settings=\"{&quot;background_background&quot;:&quot;classic&quot;}\">\n\t\t\t\t\t\t<div class=\"elementor-container elementor-column-gap-default\">\n\t\t\t\t\t<div class=\"elementor-column elementor-col-100 elementor-top-column elementor-element elementor-element-b9b9c4e\" data-id=\"b9b9c4e\" data-element_type=\"column\">\n\t\t\t<div class=\"elementor-widget-wrap elementor-element-populated\">\n\t\t\t\t\t\t\t\t<div class=\"elementor-element elementor-element-62bd393 elementor-invisible elementor-widget elementor-widget-image\" data-id=\"62bd393\" data-element_type=\"widget\" data-settings=\"{&quot;_animation&quot;:&quot;fadeInUp&quot;}\" data-widget_type=\"image.default\">\n\t\t\t\t<div class=\"elementor-widget-container\">\n\t\t\t<style>\/*! elementor - v3.17.0 - 25-10-2023 *\/\n.elementor-widget-image{text-align:center}.elementor-widget-image a{display:inline-block}.elementor-widget-image a img[src$=\".svg\"]{width:48px}.elementor-widget-image img{vertical-align:middle;display:inline-block}<\/style>\t\t\t\t\t\t\t\t\t\t\t\t<img fetchpriority=\"high\" decoding=\"async\" width=\"2048\" height=\"1536\" src=\"https:\/\/mmpcardi.it\/wp-content\/uploads\/2023\/10\/e11fd5d2-14cd-4734-92b2-ed3b49666778.jpg\" class=\"attachment-full size-full wp-image-69\" alt=\"\" srcset=\"https:\/\/mmpcardi.it\/wp-content\/uploads\/2023\/10\/e11fd5d2-14cd-4734-92b2-ed3b49666778.jpg 2048w, https:\/\/mmpcardi.it\/wp-content\/uploads\/2023\/10\/e11fd5d2-14cd-4734-92b2-ed3b49666778-300x225.jpg 300w, https:\/\/mmpcardi.it\/wp-content\/uploads\/2023\/10\/e11fd5d2-14cd-4734-92b2-ed3b49666778-1024x768.jpg 1024w, https:\/\/mmpcardi.it\/wp-content\/uploads\/2023\/10\/e11fd5d2-14cd-4734-92b2-ed3b49666778-768x576.jpg 768w, https:\/\/mmpcardi.it\/wp-content\/uploads\/2023\/10\/e11fd5d2-14cd-4734-92b2-ed3b49666778-1536x1152.jpg 1536w, https:\/\/mmpcardi.it\/wp-content\/uploads\/2023\/10\/e11fd5d2-14cd-4734-92b2-ed3b49666778-1568x1176.jpg 1568w\" sizes=\"(max-width: 2048px) 100vw, 2048px\" style=\"width:100%;height:75%;max-width:2048px\" \/>\t\t\t\t\t\t\t\t\t\t\t\t\t\t\t<\/div>\n\t\t\t\t<\/div>\n\t\t\t\t\t<\/div>\n\t\t<\/div>\n\t\t\t\t\t\t\t<\/div>\n\t\t<\/section>\n\t\t\t\t\t\t\t<\/div>\n\t\t","protected":false},"excerpt":{"rendered":"<p>Azienda \u201cSe si escludono istanti prodigiosi e singoli che il destino ci pu\u00f2 donare, l\u2019amare il proprio lavoro costituisce la migliore approssimazione concreta della felicit\u00e0 sulla terra\u201d. (Primo Levi) La nostra storia Agli inizi degli anni \u201960, Silvano Cardi, all&#8217;epoca autotrasportatore, ha posto l&#8217;attenzione sull&#8217;enorme quantit\u00e0 di scarti di lavorazione in PVC che venivano prodotti&hellip; <a class=\"more-link\" href=\"https:\/\/mmpcardi.it\/index.php\/azienda\/\">Continua a leggere <span class=\"screen-reader-text\">Azienda<\/span><\/a><\/p>\n","protected":false},"author":1,"featured_media":0,"parent":0,"menu_order":0,"comment_status":"closed","ping_status":"closed","template":"elementor_header_footer","meta":{"footnotes":""},"class_list":["post-122","page","type-page","status-publish","hentry","entry"],"_links":{"self":[{"href":"https:\/\/mmpcardi.it\/index.php\/wp-json\/wp\/v2\/pages\/122","targetHints":{"allow":["GET"]}}],"collection":[{"href":"https:\/\/mmpcardi.it\/index.php\/wp-json\/wp\/v2\/pages"}],"about":[{"href":"https:\/\/mmpcardi.it\/index.php\/wp-json\/wp\/v2\/types\/page"}],"author":[{"embeddable":true,"href":"https:\/\/mmpcardi.it\/index.php\/wp-json\/wp\/v2\/users\/1"}],"replies":[{"embeddable":true,"href":"https:\/\/mmpcardi.it\/index.php\/wp-json\/wp\/v2\/comments?post=122"}],"version-history":[{"count":10,"href":"https:\/\/mmpcardi.it\/index.php\/wp-json\/wp\/v2\/pages\/122\/revisions"}],"predecessor-version":[{"id":200,"href":"https:\/\/mmpcardi.it\/index.php\/wp-json\/wp\/v2\/pages\/122\/revisions\/200"}],"wp:attachment":[{"href":"https:\/\/mmpcardi.it\/index.php\/wp-json\/wp\/v2\/media?parent=122"}],"curies":[{"name":"wp","href":"https:\/\/api.w.org\/{rel}","templated":true}]}}